{"id":1987,"date":"2020-07-04T08:51:07","date_gmt":"2020-07-04T07:51:07","guid":{"rendered":"https:\/\/213.201.74.138\/?page_id=1987"},"modified":"2022-04-20T09:58:17","modified_gmt":"2022-04-20T09:58:17","slug":"carta-de-la-presidenta","status":"publish","type":"page","link":"https:\/\/publicadormemorias.cofrm.com\/memorias\/memoria2019\/carta-de-la-presidenta\/","title":{"rendered":"Carta de la Presidenta"},"content":{"rendered":"[vc_row type=\u00bbfull_width_background\u00bb full_screen_row_position=\u00bbmiddle\u00bb bg_image=\u00bb2168&#8243; bg_position=\u00bbcenter center\u00bb bg_repeat=\u00bbno-repeat\u00bb full_height=\u00bbyes\u00bb scene_position=\u00bbcenter\u00bb text_color=\u00bbdark\u00bb text_align=\u00bbleft\u00bb top_padding=\u00bb30&#8243; bottom_padding=\u00bb30&#8243; overlay_strength=\u00bb0.5&#8243; shape_divider_position=\u00bbbottom\u00bb bg_image_animation=\u00bbnone\u00bb parallax_bg=\u00bbtrue\u00bb parallax_bg_speed=\u00bbfast\u00bb shape_type=\u00bb\u00bb][vc_column column_padding=\u00bbno-extra-padding\u00bb column_padding_position=\u00bball\u00bb background_color_opacity=\u00bb1&#8243; background_hover_color_opacity=\u00bb1&#8243; column_link_target=\u00bb_self\u00bb column_shadow=\u00bbnone\u00bb column_border_radius=\u00bbnone\u00bb width=\u00bb1\/1&#8243; tablet_width_inherit=\u00bbdefault\u00bb tablet_text_alignment=\u00bbdefault\u00bb phone_text_alignment=\u00bbdefault\u00bb column_border_width=\u00bbnone\u00bb column_border_style=\u00bbsolid\u00bb bg_image_animation=\u00bbnone\u00bb][vc_column_text]\n<h2 style=\"text-align: left;\">PRESIDENTA<\/h2>\n[\/vc_column_text][vc_column_text]\n<h4>CARTA A LOS COLEGIADOS<\/h4>\n[\/vc_column_text][\/vc_column][\/vc_row][vc_row type=\u00bbfull_width_background\u00bb full_screen_row_position=\u00bbmiddle\u00bb equal_height=\u00bbyes\u00bb content_placement=\u00bbbottom\u00bb bg_color=\u00bb#e8e7e5&#8243; scene_position=\u00bbtop\u00bb layer_one_image=\u00bb1969&#8243; text_color=\u00bbdark\u00bb text_align=\u00bbleft\u00bb top_padding=\u00bb2%\u00bb bottom_padding=\u00bb2%\u00bb enable_gradient=\u00bbtrue\u00bb color_overlay=\u00bb#e8e7e5&#8243; color_overlay_2=\u00bb#e9f2f2&#8243; gradient_direction=\u00bbtop_to_bottom\u00bb overlay_strength=\u00bb1&#8243; shape_divider_position=\u00bbbottom\u00bb bg_image_animation=\u00bbnone\u00bb shape_type=\u00bb\u00bb][vc_column column_padding=\u00bbno-extra-padding\u00bb column_padding_position=\u00bball\u00bb background_color_opacity=\u00bb1&#8243; background_hover_color_opacity=\u00bb1&#8243; column_link_target=\u00bb_self\u00bb column_shadow=\u00bbnone\u00bb column_border_radius=\u00bbnone\u00bb width=\u00bb1\/1&#8243; tablet_width_inherit=\u00bbdefault\u00bb tablet_text_alignment=\u00bbdefault\u00bb phone_text_alignment=\u00bbdefault\u00bb column_border_width=\u00bbnone\u00bb column_border_style=\u00bbsolid\u00bb bg_image_animation=\u00bbnone\u00bb][vc_row_inner equal_height=\u00bbyes\u00bb column_margin=\u00bbdefault\u00bb text_align=\u00bbleft\u00bb][vc_column_inner column_padding=\u00bbno-extra-padding\u00bb column_padding_position=\u00bbbottom\u00bb background_color_opacity=\u00bb1&#8243; background_hover_color_opacity=\u00bb1&#8243; column_shadow=\u00bbnone\u00bb column_border_radius=\u00bbnone\u00bb column_link_target=\u00bb_self\u00bb width=\u00bb1\/3&#8243; tablet_width_inherit=\u00bbdefault\u00bb column_border_width=\u00bbnone\u00bb column_border_style=\u00bbsolid\u00bb bg_image_animation=\u00bbnone\u00bb][vc_column_text]\n<p class=\"p1\" style=\"text-align: justify;\"><span class=\"s1\">Querida\/o Compa\u00f1era\/o: <\/span><\/p>\n<p class=\"p1\" style=\"text-align: justify;\"><span class=\"s1\">Cada primavera, una vez que tenemos la auditor\u00eda econ\u00f3mica y el proyecto de liquidaci\u00f3n de los presupuestos del a\u00f1o anterior echamos la vista atr\u00e1s y elaboramos nuestra tradicional Memoria Anual, para someterla a vuestro criterio.<\/span><\/p>\n<p class=\"p1\" style=\"text-align: justify;\"><span class=\"s1\">Esta primavera de 2020 es, sin duda, la m\u00e1s excepcional de cuantas hemos vivido, profesional o personalmente. El pasado catorce de marzo el Gobierno de Espa\u00f1a declar\u00f3 el estado de alarma, tras constatar una proliferaci\u00f3n masiva de contagios comunitarios del SARS-Cov 2, el coronavirus que apareci\u00f3 en China oficialmente a finales de 2019. <\/span><\/p>\n<p class=\"p1\" style=\"text-align: justify;\"><span class=\"s1\">Las circunstancias obligaron a confinar a toda la poblaci\u00f3n espa\u00f1ola, tras sospechar las Autoridades una posible saturaci\u00f3n de los servicios sanitarios espa\u00f1oles para la que ning\u00fan pa\u00eds est\u00e1 preparado y que finalmente se produjo, especialmente en autonom\u00edas como Madrid, Pa\u00eds Vasco y las dos Castillas. Hemos atravesado y atravesamos un escenario de crisis sanitaria y dolor, de p\u00e9rdidas y de enfermedad, de confinamiento, de miedo y de incertidumbre <\/span><\/p>\n<p class=\"p1\" style=\"text-align: justify;\"><span class=\"s1\">Sin saber todav\u00eda si las circunstancias sanitarias nos dejar\u00e1n celebrar la Asamblea General Ordinaria antes de oto\u00f1o, siempre que no haya rebrotes del virus, esta carta que prologa nuestra <i>Memoria<\/i> es una gran ocasi\u00f3n que pretendo no desperdiciar para dirigirme a todos vosotros. <\/span><\/p>\n<p class=\"p1\" style=\"text-align: justify;\"><span class=\"s1\">En esta crisis, la red de farmacias est\u00e1 demostrando una vez m\u00e1s su fortaleza, necesidad y oportunidad como establecimiento sanitario. Hemos sido valientes guerreros ante un enemigo invisible y <i>dique de contenci\u00f3n<\/i> para evitar la saturaci\u00f3n de centros de salud y hospitales.<\/span><\/p>\n<p style=\"text-align: justify;\"><span class=\"s1\">\u00c9ramos (somos) el profesional sanitario m\u00e1s cercano, con sus establecimientos abiertos d\u00eda y noche, atendiendo a cualquier ciudadano que lo haya precisado. La farmacia ha dispensado medicamentos, que es su trabajo, pero tambi\u00e9n ha \u00a0formado e informado a quien lo solicitara \u00a0y ha aportado, adem\u00e1s, consuelo y esperanza. Tambi\u00e9n hemos aprendido a \u00a0trabajar con nuevas tecnolog\u00edas en un tiempo r\u00e9cord, y a adaptarnos a nuevas normas, procedimientos y actuaciones que hubieran tardado a\u00f1os en ser implementados en circunstancias <i>normales<\/i>.<\/span><\/p>\n[\/vc_column_text][divider line_type=\u00bbNo Line\u00bb custom_height=\u00bb10&#8243;][\/vc_column_inner][vc_column_inner column_padding=\u00bbno-extra-padding\u00bb column_padding_position=\u00bball\u00bb background_color_opacity=\u00bb1&#8243; background_hover_color_opacity=\u00bb1&#8243; column_shadow=\u00bbnone\u00bb column_border_radius=\u00bbnone\u00bb column_link_target=\u00bb_self\u00bb width=\u00bb1\/3&#8243; tablet_width_inherit=\u00bbdefault\u00bb column_border_width=\u00bbnone\u00bb column_border_style=\u00bbsolid\u00bb bg_image_animation=\u00bbnone\u00bb][vc_column_text css=\u00bb.vc_custom_1594275098401{margin-top: 10px !important;}\u00bb]\n<p class=\"p1\" style=\"text-align: justify;\"><span class=\"s1\">Y muchas vendr\u00e1n para quedarse, como el teletrabajo, que a la hora de la conciliaci\u00f3n familiar puede ser un gran avance. Hemos cuidado a los mayores y vulnerables, llevando la medicaci\u00f3n a sus hogares. Hemos conseguido evitar desplazamientos, ayudando a nuestros pacientes a gestionar su medicaci\u00f3n a trav\u00e9s de RE o incluso hemos intentado ayudar a las mujeres que sufren violencia de g\u00e9nero mediante la campa\u00f1a Mascarilla 19. Pero para nosotros este \u00edmpetu y compromiso no era una novedad. Siempre hemos estado ah\u00ed. Quiz\u00e1 y lamentablemente un virus nos ha visualizado m\u00e1s.<\/span><\/p>\n<p class=\"p1\" style=\"text-align: justify;\"><span class=\"s1\">No puedo olvidar a nuestros compa\u00f1eros de Salud P\u00fablica, de Hospital, de Distribuci\u00f3n, de An\u00e1lisis Cl\u00ednicos, de Industria, de \u00d3ptica, de Ortopedia\u2026todos, sin excepci\u00f3n han demostrado la fortaleza y vocaci\u00f3n de nuestra profesi\u00f3n, una profesi\u00f3n casi tan antigua como la propia humanidad.<\/span><\/p>\n<p class=\"p1\" style=\"text-align: justify;\"><span class=\"s1\">Por eso, valorar 2019 ahora, aunque sea lo que corresponda en esta memoria y en la Asamblea General Ordinaria, resulta complejo desde esta atalaya circunstancial con su sobredosis de realidad.<\/span><\/p>\n<p class=\"p1\" style=\"text-align: justify;\"><span class=\"s1\">Un a\u00f1o, 2019, que se caracteriz\u00f3 por tres procesos electorales (dos generales y uno auton\u00f3mico). En el que a nivel nacional convivimos con la carencia de interlocuci\u00f3n, Espa\u00f1a ha tenido tres ministros de sanidad en dos a\u00f1os (Mont\u00f3n, Carcedo e Illa) y en el que las discusiones por un borrador de Ley, la de Ordenaci\u00f3n Farmac\u00e9utica de la Comunidad de Madrid, nos gener\u00f3 un conflicto a nivel nacional con nuestros compa\u00f1eros de enfermer\u00eda que, afortunadamente, logramos frenar aqu\u00ed, en nuestra tierra.<\/span><\/p>\n<p class=\"p1\" style=\"text-align: justify;\"><span class=\"s1\">La Regi\u00f3n logr\u00f3 en julio su primer gobierno de coalici\u00f3n, con el que debo reconocer que mantenemos unas relaciones que trascienden la cortes\u00eda y obligatoriedad y en estos meses de pandemia, se ha demostrado.<\/span><\/p>\n<p style=\"text-align: justify;\"><span class=\"s1\">Desde la situaci\u00f3n actual, insisto en la normalidad que caracteriz\u00f3 2019, y si bien es cierto que en nuestra Asamblea recordaremos con m\u00e1s detalle la formaci\u00f3n, jornadas, eventos, cambios legislativos o el avance tecnol\u00f3gico sin precedentes que hemos puesto de marcha en nuestra casa profesional durante este a\u00f1o. S\u00f3lo puedo definir esos 365 d\u00edas \u00a0como un \u00a0a\u00f1o de esperanza que no supo decirnos que nos abr\u00eda la puerta a contemplar tanto dolor, pero tambi\u00e9n tanta profesionalidad, solidaridad y generosidad de la que los farmac\u00e9uticos hemos sido parte esencial.<\/span><\/p>\n[\/vc_column_text][\/vc_column_inner][vc_column_inner column_padding=\u00bbno-extra-padding\u00bb column_padding_position=\u00bball\u00bb background_color_opacity=\u00bb1&#8243; background_hover_color_opacity=\u00bb1&#8243; column_shadow=\u00bbnone\u00bb column_border_radius=\u00bbnone\u00bb column_link_target=\u00bb_self\u00bb width=\u00bb1\/3&#8243; tablet_width_inherit=\u00bbdefault\u00bb column_border_width=\u00bbnone\u00bb column_border_style=\u00bbsolid\u00bb bg_image_animation=\u00bbnone\u00bb][vc_column_text css=\u00bb.vc_custom_1594275110154{margin-top: 10px !important;}\u00bb]\n<p class=\"p1\" style=\"text-align: justify;\"><span class=\"s1\">Nuestra profesi\u00f3n, como toda la sociedad, no puede, ni debe, olvidar que s\u00f3lo unidos, con compromiso, anticipaci\u00f3n y solidaridad se avanza o incluso como en este caso, se sobrevive.<\/span><\/p>\n<p class=\"p1\" style=\"text-align: justify;\"><span class=\"s1\">Quiero agradecer ahora y siempre, la labor de los trabajadores del Colegio, de todos, que desde sus casas o desde la propia sede colegial, han logrado hacer realidad el hashtag que hemos utilizado los farmac\u00e9uticos a nivel nacional durante la pandemia y que naci\u00f3 en nuestro Colegio, #LaCruzDelaFarmaciaNoSeApaga<\/span><\/p>\n<p class=\"p1\" style=\"text-align: justify;\"><span class=\"s1\">A los miembros de la Juta de Gobierno y Vocal\u00edas y a todos vosotros, queridos y queridas compa\u00f1eras. GRACIAS <\/span><\/p>\n<p class=\"p1\" style=\"text-align: justify;\"><span class=\"s1\">Aqu\u00ed ten\u00e9is el resumen de lo que fue 2019, pero no podemos obviar que lo contemplamos desde este 2020 duro y desolador pero esperanzador porque durante sus d\u00edas y sus noches, no me cansar\u00e9 de repetirlo, hemos contemplado lo mejor de una profesi\u00f3n y lo mejor de una sociedad.\u00a0 Conf\u00edo en que 2020 nos permita recuperar los abrazos y besos que el SARS CoV- 2 nos ha hurtado,\u00a0y que la ciencia consiga despejar un cielo gris que volver\u00e1 a brillar con la terapia y vacuna pertinente.<\/span><\/p>\n<p><span class=\"s1\">Recibe un fuerte abrazo.<\/span><\/p>\n<p>&nbsp;<\/p>\n<p>&nbsp;<\/p>\n<p>&nbsp;<\/p>\n<p>&nbsp;<\/p>\n<p style=\"text-align: right;\"><strong>Isabel Tovar Zapata<br \/>\n<\/strong>Presidenta[\/vc_column_text][\/vc_column_inner][\/vc_row_inner][\/vc_column][\/vc_row][vc_row type=\u00bbfull_width_content\u00bb full_screen_row_position=\u00bbmiddle\u00bb scene_position=\u00bbcenter\u00bb text_color=\u00bbdark\u00bb text_align=\u00bbleft\u00bb overlay_strength=\u00bb0.3&#8243; shape_divider_position=\u00bbbottom\u00bb bg_image_animation=\u00bbnone\u00bb shape_type=\u00bb\u00bb][vc_column column_padding=\u00bbno-extra-padding\u00bb column_padding_position=\u00bball\u00bb background_color_opacity=\u00bb1&#8243; background_hover_color_opacity=\u00bb1&#8243; column_link_target=\u00bb_self\u00bb column_shadow=\u00bbnone\u00bb column_border_radius=\u00bbnone\u00bb width=\u00bb1\/1&#8243; tablet_width_inherit=\u00bbdefault\u00bb tablet_text_alignment=\u00bbdefault\u00bb phone_text_alignment=\u00bbdefault\u00bb column_border_width=\u00bbnone\u00bb column_border_style=\u00bbsolid\u00bb bg_image_animation=\u00bbnone\u00bb][nectar_flip_box image_url_1=\u00bb2413&#8243; bg_color=\u00bb#e9f2f2&#8243; bg_color_overlay=\u00bbtrue\u00bb text_color=\u00bbdark\u00bb icon_color=\u00bbaccent-color\u00bb bg_color_2=\u00bb#e9f2f2&#8243; bg_color_overlay_2=\u00bbtrue\u00bb text_color_2=\u00bbdark\u00bb h_text_align=\u00bbcenter\u00bb v_text_align=\u00bbtop\u00bb flip_direction=\u00bbvertical-to-top\u00bb icon_fontawesome=\u00bbfa fa-file-pdf-o\u00bb front_content=\u00bbDESCARGA, IMPRIME O COMPARTE ESTA SECCI\u00d3N\u00bb]\n<p style=\"text-align: center;\"><strong><span style=\"color: #008080;\">[printfriendly]<\/span><\/strong><\/p>\n[\/nectar_flip_box][\/vc_column][\/vc_row]\n","protected":false},"excerpt":{"rendered":"<p>[vc_row type=\u00bbfull_width_background\u00bb full_screen_row_position=\u00bbmiddle\u00bb bg_image=\u00bb2168&#8243; bg_position=\u00bbcenter center\u00bb bg_repeat=\u00bbno-repeat\u00bb full_height=\u00bbyes\u00bb scene_position=\u00bbcenter\u00bb text_color=\u00bbdark\u00bb text_align=\u00bbleft\u00bb top_padding=\u00bb30&#8243; bottom_padding=\u00bb30&#8243; overlay_strength=\u00bb0.5&#8243; shape_divider_position=\u00bbbottom\u00bb bg_image_animation=\u00bbnone\u00bb parallax_bg=\u00bbtrue\u00bb parallax_bg_speed=\u00bbfast\u00bb shape_type=\u00bb\u00bb][vc_column column_padding=\u00bbno-extra-padding\u00bb column_padding_position=\u00bball\u00bb background_color_opacity=\u00bb1&#8243; background_hover_color_opacity=\u00bb1&#8243; column_link_target=\u00bb_self\u00bb column_shadow=\u00bbnone\u00bb column_border_radius=\u00bbnone\u00bb width=\u00bb1\/1&#8243; tablet_width_inherit=\u00bbdefault\u00bb tablet_text_alignment=\u00bbdefault\u00bb phone_text_alignment=\u00bbdefault\u00bb&#8230;<\/p>\n","protected":false},"author":3,"featured_media":0,"parent":0,"menu_order":0,"comment_status":"closed","ping_status":"closed","template":"","meta":{"footnotes":""},"class_list":["post-1987","page","type-page","status-publish"],"_links":{"self":[{"href":"https:\/\/publicadormemorias.cofrm.com\/memorias\/memoria2019\/wp-json\/wp\/v2\/pages\/1987","targetHints":{"allow":["GET"]}}],"collection":[{"href":"https:\/\/publicadormemorias.cofrm.com\/memorias\/memoria2019\/wp-json\/wp\/v2\/pages"}],"about":[{"href":"https:\/\/publicadormemorias.cofrm.com\/memorias\/memoria2019\/wp-json\/wp\/v2\/types\/page"}],"author":[{"embeddable":true,"href":"https:\/\/publicadormemorias.cofrm.com\/memorias\/memoria2019\/wp-json\/wp\/v2\/users\/3"}],"replies":[{"embeddable":true,"href":"https:\/\/publicadormemorias.cofrm.com\/memorias\/memoria2019\/wp-json\/wp\/v2\/comments?post=1987"}],"version-history":[{"count":0,"href":"https:\/\/publicadormemorias.cofrm.com\/memorias\/memoria2019\/wp-json\/wp\/v2\/pages\/1987\/revisions"}],"wp:attachment":[{"href":"https:\/\/publicadormemorias.cofrm.com\/memorias\/memoria2019\/wp-json\/wp\/v2\/media?parent=1987"}],"curies":[{"name":"wp","href":"https:\/\/api.w.org\/{rel}","templated":true}]}}